{"id":9522,"date":"2023-11-05T18:56:36","date_gmt":"2023-11-05T17:56:36","guid":{"rendered":"https:\/\/casonadeljudio.marcosbardon.com\/?page_id=9522"},"modified":"2024-12-11T22:33:32","modified_gmt":"2024-12-11T21:33:32","slug":"condiciones-de-compra","status":"publish","type":"page","link":"https:\/\/tienda.casonadeljudio.com\/?page_id=9522","title":{"rendered":"Condiciones de compra"},"content":{"rendered":"\r\n<p>&nbsp;<\/p>\r\n\r\n\r\n\r\n<h2 class=\"wp-block-heading\">Condiciones de Compra<\/h2>\r\n<p>&nbsp;<\/p>\r\n<div class=\"resp-accordion tabs-group-default resp-tab-active\" role=\"tab\" aria-controls=\"tabs-group-default_tab_item-1\">ART\u00cdCULO 1: DISPOSICIONES GENERALES<\/div>\r\n<div class=\"resp-tab-content tabs-group-default resp-tab-content-active\" aria-labelledby=\"tabs-group-default_tab_item-1\">Estas condiciones se aplican a la venta en l\u00ednea de ofertas por parte del establecimiento.<br \/>Las presentes Condiciones Generales de Venta (CGV) son v\u00e1lidas a partir de 22 Enero 2020. Sustituyen a cualquier otra forma de condiciones generales de venta anteriormente en vigor relativas a la venta de ofertas comerciales.<br \/>El establecimiento se reserva el derecho de modificar las CGV, pero dicha modificaci\u00f3n no se aplicar\u00e1 a los contratos celebrados anteriormente en cumplimiento de las CGV asociadas a dichas ventas.<br \/>Cada cliente, antes de comprometerse, certifica que es capaz de celebrar un contrato de acuerdo con los t\u00e9rminos de los art\u00edculos 1123 y 1224 del c\u00f3digo civil.<br \/>Antes de celebrar un contrato, cada cliente debe leer y aceptar las condiciones generales de venta del establecimiento.<\/div>\r\n<p>&nbsp;<\/p>\r\n<p>&nbsp;<\/p>\r\n<div class=\"resp-accordion tabs-group-default resp-tab-active\" role=\"tab\" aria-controls=\"tabs-group-default_tab_item-2\">SERVICIOS OFRECIDOS Y CONTRATOS EN L\u00cdNEA<\/div>\r\n<div class=\"resp-tab-content tabs-group-default resp-tab-content-active\" aria-labelledby=\"tabs-group-default_tab_item-2\"><b>Art\u00edculo 2.1<\/b><br \/>Las ofertas est\u00e1n disponibles en el sitio del establecimiento vendedor, en forma de servicios espec\u00edficos del establecimiento, que pueden completarse con opciones sujetas al acuerdo del establecimiento.<br \/>Las fotos y v\u00eddeos que describen los servicios de las distintas ofertas no son contractuales.<br \/><br \/><b>Art\u00edculo 2.2<\/b><br \/>Las ofertas se pueden comprar en l\u00ednea en http:\/\/www.tienda.casonadeljudio.com\/.<br \/>La toma en consideraci\u00f3n de esta compra por parte del establecimiento supone un pago completo del servicio.<br \/>Es responsabilidad del cliente proporcionar sus datos personales para poder identificarlo seg\u00fan lo dispuesto en el art\u00edculo 1316-1 del c\u00f3digo civil.<br \/>Si el cliente no es el beneficiario de la oferta, se le informar\u00e1 autom\u00e1ticamente de esta compra a trav\u00e9s de diversos medios de comunicaci\u00f3n puestos a su disposici\u00f3n.<br \/>En el momento del pago, el establecimiento certifica que pone a disposici\u00f3n del cliente un enlace para acceder a estas CGC.<\/div>\r\n<p>&nbsp;<\/p>\r\n<div class=\"resp-accordion tabs-group-default resp-tab-active\" role=\"tab\" aria-controls=\"tabs-group-default_tab_item-3\">ART\u00cdCULO 3: <strong>PRECIO<\/strong><\/div>\r\n<div class=\"resp-tab-content tabs-group-default resp-tab-content-active\" aria-labelledby=\"tabs-group-default_tab_item-3\">Los precios publicados en el sitio web del establecimiento incluyen todos los impuestos.<br \/>El precio de las opciones se a\u00f1adir\u00e1 al precio del anuncio de servicio, as\u00ed como el relativo a los gastos de env\u00edo, con efecto \u00fanicamente en caso de env\u00edo del bono de cambio por correo.<br \/>El establecimiento se reserva el derecho de modificar los precios, sin aplicaci\u00f3n retroactiva sobre las ventas concluidas con anterioridad a esta modificaci\u00f3n.<\/div>\r\n<div aria-labelledby=\"tabs-group-default_tab_item-3\">\u00a0<\/div>\r\n<div aria-labelledby=\"tabs-group-default_tab_item-3\">\u00a0<\/div>\r\n<div class=\"resp-accordion tabs-group-default resp-tab-active\" role=\"tab\" aria-controls=\"tabs-group-default_tab_item-4\">ART\u00cdCULO 4: DISPONIBILIDAD Y VALIDEZ<\/div>\r\n<div class=\"resp-tab-content tabs-group-default resp-tab-content-active\" aria-labelledby=\"tabs-group-default_tab_item-4\"><b>Art\u00edculo 4.1<\/b><br \/>El establecimiento propone ofertas dentro de los l\u00edmites de su disponibilidad y capacidad.<br \/>La oferta puede utilizarse para los servicios mencionados en los detalles del servicio publicado en l\u00ednea, cualquier queja relacionada con un servicio no previsto en la oferta, incluidas las opciones, puede no ser aceptada.<br \/><br \/><b><b>Art\u00edculo 4.2<br \/><br \/><\/b><\/b>\r\n<p><strong>Validez del bono<\/strong><\/p>\r\n<p>El bono adquirido tendr\u00e1 una validez de <strong>1 a\u00f1o<\/strong> a partir de la fecha de su compra. Durante este per\u00edodo, el bono podr\u00e1 ser canjeado seg\u00fan las condiciones especificadas en la oferta.<\/p>\r\n<p>Una vez superada la fecha de vencimiento, el bono perder\u00e1 su validez, no ser\u00e1 reembolsable ni podr\u00e1 ser utilizado para futuras compras.<\/p>\r\n<p>Si necesitas m\u00e1s informaci\u00f3n o tienes alguna duda, no dudes en ponerte en contacto con nosotros. Estaremos encantados de ayudarte.<\/p>\r\n<br \/>Las ofertas son v\u00e1lidas por un per\u00edodo de tiempo especificado por el establecimiento en el momento de la compra, el per\u00edodo de validez comienza desde la fecha de compra y no desde la fecha de reserva en el sitio.<br \/>La compra de la oferta es realizada por el cliente. Sin embargo, este \u00faltimo no es necesariamente el beneficiario.<br \/>Una reserva, posterior a la compra, debe realizarse necesariamente para el uso de la oferta.<br \/>La reserva debe hacerse durante el per\u00edodo de validez de la oferta. Por otro lado, una vez que se cumple esta primera condici\u00f3n, la fecha de la estad\u00eda puede estar fuera de este mismo per\u00edodo de validez.<br \/>El beneficiario, provisto del c\u00f3digo \u00fanico relacionado con la oferta comprada, debe reservar su servicio en el sitio web del establecimiento. El establecimiento no se hace responsable de la reserva de los servicios.<br \/>El establecimiento se reserva el derecho de establecer las fechas de disponibilidad de los servicios. Estos est\u00e1n disponibles para consulta en el momento de la reserva.<br \/>En caso de que se exceda este per\u00edodo de validez, la oferta no es reembolsable y se considerar\u00e1 adquirida por el establecimiento.<br \/>La oferta compromete el establecimiento a un servicio cuando valida el recibo de pago y el registro de la reserva.<\/div>\r\n<p>&nbsp;<\/p>\r\n<p>&nbsp;<\/p>\r\n<div class=\"resp-accordion tabs-group-default resp-tab-active\" role=\"tab\" aria-controls=\"tabs-group-default_tab_item-5\">ART\u00cdCULO 5: <strong>CONDICIONES DE ENTREGA<\/strong><\/div>\r\n<div class=\"resp-tab-content tabs-group-default resp-tab-content-active\" aria-labelledby=\"tabs-group-default_tab_item-5\">La confirmaci\u00f3n de compra se env\u00eda tan pronto como el establecimiento valida el pago.<br \/><br \/>Por un lado, en el caso de que el cliente sea el beneficiario de la oferta:<br \/>\r\n<ul>\r\n<li>La confirmaci\u00f3n de compra de la oferta llegar\u00e1 al correo electr\u00f3nico introducido en la compra. Se podr\u00e1 acceder al cup\u00f3n a trav\u00e9s de este correo electr\u00f3nico. Entonces ser\u00e1 posible imprimirlo.<\/li>\r\n<\/ul>\r\nPor otro lado, en el caso de que el cliente no sea el beneficiario de la oferta:<br \/>\r\n<ul>\r\n<li>La confirmaci\u00f3n de compra de la oferta llegar\u00e1 al correo electr\u00f3nico introducido en la compra. Se podr\u00e1 acceder al cup\u00f3n a trav\u00e9s de este correo electr\u00f3nico. Entonces ser\u00e1 posible imprimirlo.<\/li>\r\n<\/ul>\r\nEn caso de que el cliente o beneficiario encuentre dificultades con respecto a la recepci\u00f3n del comprobante de cambio, lo invitamos a contactar al establecimiento para cualquier reclamo. O en el email tienda.casonadeljudio.com. Para hacerlo, consulte el art\u00edculo 7 de estos mismos CGV.<br \/><br \/>En caso de que el cliente cometa un error que impida o retrase la recepci\u00f3n del comprobante de cambio, el establecimiento no se hace responsable. Las quejas ser\u00e1n tratadas por separado.<\/div>\r\n<div aria-labelledby=\"tabs-group-default_tab_item-5\">\u00a0<\/div>\r\n<div aria-labelledby=\"tabs-group-default_tab_item-5\">\u00a0<\/div>\r\n<div aria-labelledby=\"tabs-group-default_tab_item-5\">\u00a0<\/div>\r\n\r\n\r\n\r\n<div class=\"resp-accordion tabs-group-default resp-tab-active\" role=\"tab\" aria-controls=\"tabs-group-default_tab_item-6\">ART\u00cdCULO 6: <strong>PAGO<\/strong><\/div>\r\n<div class=\"resp-tab-content tabs-group-default resp-tab-content-active\" aria-labelledby=\"tabs-group-default_tab_item-6\">Las ofertas est\u00e1n sujetas exclusivamente a la venta mediante pago con Visa, Mastercard o Bizum.<br \/>Los datos bancarios relativos a la tarjeta utilizada por el cliente deben introducirse en los campos correspondientes, a saber, el n\u00famero de tarjeta, el c\u00f3digo de seguridad\u00a0 y la fecha de caducidad de dicha tarjeta.<\/div>\r\n<div class=\"resp-tab-content tabs-group-default resp-tab-content-active\" aria-labelledby=\"tabs-group-default_tab_item-6\"><br \/>Tal y como establece el art\u00edculo L.133-8 del C\u00f3digo Monetario y Financiero franc\u00e9s, el pago con tarjeta es un compromiso irrevocable una vez que se ha realizado.<br \/>El establecimiento se reserva el derecho de aceptar pagos aplazados. En caso contrario, el pago debe realizarse en su totalidad para concluir la compra de la oferta.<br \/>En caso de error o rechazo del pago, la transacci\u00f3n se considera como no completada y la compra se suspende.<br \/><br \/><\/div>\r\n<div aria-labelledby=\"tabs-group-default_tab_item-6\">\u00a0<\/div>\r\n\r\n\r\n\r\n<p><strong>RECLAMACIONES<\/strong><\/p>\r\n\r\n\r\n\r\n<p>En el caso de una queja relacionada con la compra de una oferta o la recepci\u00f3n del comprobante de cambio, puede comunicarse con el establecimiento Casona del Judio por :<\/p>\r\n\r\n\r\n\r\n<ul class=\"wp-block-list\">\r\n<li><strong>Direcci\u00f3n,<\/strong>\u00a0en la direcci\u00f3n 20 Calle Repuente &#8211; &#8211; &#8211; 39012 Santander &#8211; ES,<\/li>\r\n\r\n\r\n\r\n<li><strong>Correo electr\u00f3nico,<\/strong> en la direcci\u00f3n restaurante@casonadeljudio.com<\/li>\r\n\r\n\r\n\r\n<li><strong>Tel\u00e9fono,<\/strong>\u00a0a +34 942 342 726<\/li>\r\n<\/ul>\r\n\r\n\r\n\r\n<p>En caso de un error en el env\u00edo o contenido del comprobante de intercambio, o un deterioro del comprobante de intercambio cuando se env\u00eda, tiene un per\u00edodo de 14 d\u00edas a partir del d\u00eda de recepci\u00f3n para informar a la instituci\u00f3n. p\u00e9rdida o robo de su cup\u00f3n, es necesario notificar al establecimiento dentro de los 14 d\u00edas tan pronto como se detecte el incidente.<\/p>\r\n\r\n\r\n\r\n<div class=\"resp-accordion tabs-group-default resp-tab-active\" role=\"tab\" aria-controls=\"tabs-group-default_tab_item-8\">ART\u00cdCULO 8: <strong>GARANT\u00cdAS<\/strong><\/div>\r\n<div class=\"resp-tab-content tabs-group-default resp-tab-content-active\" aria-labelledby=\"tabs-group-default_tab_item-8\">Seg\u00fan lo establecido en el Art\u00edculo L. 211-4 del C\u00f3digo del Consumidor, el vendedor se compromete a respetar las diversas garant\u00edas contractuales proporcionadas en ese momento. El establecimiento certifica que posee un seguro de responsabilidad civil apropiado para la actividad realizada.<br \/>Esta disposici\u00f3n se aplica al beneficiario que debe poseer un seguro de responsabilidad civil suficiente en relaci\u00f3n con la pr\u00e1ctica de una actividad deportiva, se considere o no \u00aben riesgo\u00bb.<\/div>\r\n<div aria-labelledby=\"tabs-group-default_tab_item-8\">\u00a0<\/div>\r\n<div aria-labelledby=\"tabs-group-default_tab_item-8\">\u00a0<\/div>\r\n<div aria-labelledby=\"tabs-group-default_tab_item-8\">\r\n<div class=\"resp-accordion tabs-group-default resp-tab-active\" role=\"tab\" aria-controls=\"tabs-group-default_tab_item-9\">ART\u00cdCULO 9: <strong>MODIFICACI\u00d3N Y NULIDAD DEL CONTRATO<\/strong><\/div>\r\n<div class=\"resp-tab-content tabs-group-default resp-tab-content-active\" aria-labelledby=\"tabs-group-default_tab_item-9\"><b>Art\u00edculo 9.1<\/b><br \/>La modificaci\u00f3n de una de las cl\u00e1usulas del contrato de compra puede modificarse con el acuerdo por escrito de ambas partes.<br \/><br \/><b>Art\u00edculo 9.2<\/b><br \/>El hecho de que el establecimiento no invoque una de las cl\u00e1usulas de estos t\u00e9rminos y condiciones generales de venta no estipula que este \u00faltimo renuncie a preguntar sobre esta condici\u00f3n en una fecha posterior.<br \/>La invalidez de una de las disposiciones del CGV no implica la invalidez de estas condiciones.<\/div>\r\n<\/div>\r\n<div aria-labelledby=\"tabs-group-default_tab_item-9\">\u00a0<\/div>\r\n<div aria-labelledby=\"tabs-group-default_tab_item-9\">\u00a0<\/div>\r\n<div aria-labelledby=\"tabs-group-default_tab_item-9\">\r\n<div class=\"resp-accordion tabs-group-default resp-tab-active\" role=\"tab\" aria-controls=\"tabs-group-default_tab_item-10\">ART\u00cdCULO 10 : <strong>DERECHO DE PROPIEDAD INTELECTUAL<\/strong><\/div>\r\n<div class=\"resp-tab-content tabs-group-default resp-tab-content-active\" aria-labelledby=\"tabs-group-default_tab_item-10\">El establecimiento publica sus ofertas en los http:\/\/www.tienda.casonadeljudio.com\/, el contenido que aparece en este \u00faltimo (fotos, v\u00eddeos, etc.) es propiedad del establecimiento y no puede ser reproducido sin autorizaci\u00f3n previa.<br \/>Si es necesario, el establecimiento tiene derecho a emprender acciones legales contra la persona f\u00edsica o jur\u00eddica responsable de este da\u00f1o.<\/div>\r\n<\/div>\r\n<div aria-labelledby=\"tabs-group-default_tab_item-10\">\u00a0<\/div>\r\n<div aria-labelledby=\"tabs-group-default_tab_item-10\">\r\n<div class=\"resp-accordion tabs-group-default resp-tab-active\" role=\"tab\" aria-controls=\"tabs-group-default_tab_item-11\">ART\u00cdCULO 11 : <strong>PROTECCI\u00d3N DE DATOS PERSONALES<\/strong><\/div>\r\n<div class=\"resp-tab-content tabs-group-default resp-tab-content-active\" aria-labelledby=\"tabs-group-default_tab_item-11\"><b>INFORMACI\u00d3N QUE RECOPILAMOS<\/b><\/div>\r\n<div class=\"resp-tab-content tabs-group-default resp-tab-content-active\" aria-labelledby=\"tabs-group-default_tab_item-11\"><br \/>Cuando visita nuestra web, le pedimos que proporcione informaci\u00f3n personal sobre usted.<br \/>Recogemos autom\u00e1ticamente informaci\u00f3n sobre el hardware y el software de su ordenador. Esta informaci\u00f3n puede incluir su direcci\u00f3n IP, el tipo de navegador, los nombres de dominio, el proveedor de servicios de Internet, los archivos a los que se accede en nuestro sitio (p\u00e1ginas HTML, gr\u00e1ficos, etc.), el sistema operativo, los datos de los clics, las horas de acceso y las direcciones. Esta informaci\u00f3n es utilizada para el funcionamiento de sus servicios, para mantener la calidad del servicio y para proporcionar estad\u00edsticas generales sobre el uso de nuestros servicios. A estos efectos, vinculamos estos datos recogidos autom\u00e1ticamente con informaci\u00f3n personal como el nombre, la direcci\u00f3n de correo electr\u00f3nico, la direcci\u00f3n y el n\u00famero de tel\u00e9fono.<br \/><br \/><i><b>Al realizar una transacci\u00f3n<\/b><\/i><br \/>Cuando usted realiza una transacci\u00f3n, tambi\u00e9n recopilamos los datos de su tarjeta de cr\u00e9dito, como el n\u00famero de la misma y el c\u00f3digo CCV\/CVV, para que nuestro banco pueda proceder al correcto funcionamiento de esta transacci\u00f3n.<br \/><br \/><b>C\u00d3MO UTILIZAMOS LA INFORMACI\u00d3N QUE RECOGEMOS<\/b><br \/>Todos los clientes se comprometen a respetar los t\u00e9rminos del contrato, as\u00ed como los aplicables por el RGPD sobre el uso, la recogida y el tratamiento de datos personales.\u00a0<br \/>Ninguna informaci\u00f3n se revende a terceros.<br \/>Si nos proporciona los datos de su tarjeta de cr\u00e9dito, los utilizaremos \u00fanicamente para verificar sus calificaciones financieras y cobrarle. Utilizamos un proveedor de servicios externo para gestionar el procesamiento de tarjetas de cr\u00e9dito. Este proveedor de servicios no est\u00e1 autorizado a almacenar, retener o utilizar la informaci\u00f3n que usted proporciona, excepto con el \u00fanico prop\u00f3sito de procesar las tarjetas de cr\u00e9dito en nuestro nombre. Utilizamos diversas tecnolog\u00edas y procedimientos de seguridad para proteger su informaci\u00f3n personal contra el acceso, uso o divulgaci\u00f3n no autorizados. Aseguramos la informaci\u00f3n personal que nos proporciona en servidores inform\u00e1ticos en un entorno controlado y seguro, protegido del acceso, uso o divulgaci\u00f3n no autorizados. Toda la informaci\u00f3n personal est\u00e1 protegida con las medidas f\u00edsicas, t\u00e9cnicas y organizativas adecuadas.<br \/><br \/><b>CU\u00c1NTO TIEMPO CONSERVAMOS LOS DATOS PERSONALES<\/b><br \/>El tiempo que conservamos la informaci\u00f3n que recopilamos sobre usted depende del tipo de informaci\u00f3n, como se describe con m\u00e1s detalle a continuaci\u00f3n. Una vez transcurrido este per\u00edodo, eliminaremos o anonimizaremos su informaci\u00f3n o, si esto no es posible, almacenaremos su informaci\u00f3n de forma segura y la aislaremos para que no se vuelva a utilizar hasta que sea posible eliminarla.<br \/>Conservamos la informaci\u00f3n personal que nos proporciona cuando tenemos una necesidad comercial leg\u00edtima de hacerlo (por ejemplo, durante el tiempo necesario para ponernos en contacto con usted en relaci\u00f3n con el Servicio contratado o con nuestros otros servicios, o seg\u00fan sea necesario para cumplir con nuestras obligaciones legales, resolver conflictos y hacer cumplir nuestros acuerdos).<br \/>Cuando no tengamos ninguna necesidad comercial leg\u00edtima de procesar su informaci\u00f3n personal, la eliminaremos de forma segura o la anonimizaremos o, si esto no es posible, almacenaremos su informaci\u00f3n personal de forma segura y la aislaremos del procesamiento posterior hasta que se elimine.<br \/>Despu\u00e9s de la terminaci\u00f3n, podemos, a menos que lo proh\u00edba la ley, eliminar toda esa informaci\u00f3n del cliente.<br \/><br \/><b>C\u00d3MO ACCEDER Y CONTROLAR SUS DATOS PERSONALES<\/b><br \/>Usted es libre de ejercer sus derechos de privacidad:\r\n<ul>\r\n<li>Puede solicitar el acceso, la correcci\u00f3n, la actualizaci\u00f3n o la supresi\u00f3n de sus datos personales.<\/li>\r\n<li>Puede oponerse al tratamiento de su informaci\u00f3n personal, pedirnos que restrinjamos el tratamiento de su informaci\u00f3n personal o solicitar una extracci\u00f3n de los datos que tenemos sobre usted.<\/li>\r\n<li>Si hemos recogido y procesado su informaci\u00f3n personal con su consentimiento, es libre de retirarlo en cualquier momento. La retirada de su consentimiento no afectar\u00e1 a la legalidad de cualquier tratamiento que hayamos llevado a cabo antes de su retirada, ni tampoco afectar\u00e1 al tratamiento de su informaci\u00f3n personal realizado sobre la base de motivos legales de tratamiento distintos del consentimiento.<\/li>\r\n<li>Tiene derecho a presentar una reclamaci\u00f3n ante una autoridad de protecci\u00f3n de datos sobre la recopilaci\u00f3n y el uso de su informaci\u00f3n personal.<\/li>\r\n<\/ul>\r\nPara ejercer cualquiera de estos derechos, p\u00f3ngase en contacto con nosotros en restaurante@casonadeljudio.com.<\/div>\r\n<div class=\"resp-tab-content tabs-group-default resp-tab-content-active\" aria-labelledby=\"tabs-group-default_tab_item-11\">Responderemos a su solicitud de modificaci\u00f3n, correcci\u00f3n o eliminaci\u00f3n de sus datos en un plazo razonable y le informaremos de los pasos que hemos dado.<\/div>\r\n<\/div>\r\n<div class=\"resp-tab-content tabs-group-default resp-tab-content-active\" aria-labelledby=\"tabs-group-default_tab_item-11\">\u00a0<\/div>\r\n<div aria-labelledby=\"tabs-group-default_tab_item-11\">\r\n<div class=\"resp-accordion tabs-group-default resp-tab-active\" role=\"tab\" aria-controls=\"tabs-group-default_tab_item-12\">ART\u00cdCULO 12: <strong>FUERZA MAYOR<\/strong><\/div>\r\n<div class=\"resp-tab-content tabs-group-default resp-tab-content-active\" aria-labelledby=\"tabs-group-default_tab_item-12\">El servicio se suspender\u00e1 en caso de que se produzcan causas de fuerza mayor que impidan al establecimiento cumplir con las obligaciones derivadas del contrato; si el caso de fuerza mayor persiste m\u00e1s all\u00e1 de 3 meses, la suspensi\u00f3n del contrato podr\u00e1 considerarse definitiva.<br \/>En su caso, el establecimiento dispone de un plazo de 14 d\u00edas, a partir del momento en que tenga conocimiento de ello, para notificarlo al cliente.<br \/>Las condiciones de reembolso se evaluar\u00e1n posteriormente y de forma individualizada seg\u00fan el establecimiento.<\/div>\r\n<\/div>\r\n<div aria-labelledby=\"tabs-group-default_tab_item-12\">\u00a0<\/div>\r\n<div aria-labelledby=\"tabs-group-default_tab_item-12\">\u00a0<\/div>\r\n<div aria-labelledby=\"tabs-group-default_tab_item-12\">\r\n<div class=\"resp-accordion tabs-group-default resp-tab-active\" role=\"tab\" aria-controls=\"tabs-group-default_tab_item-13\">ART\u00cdCULO 13 : <strong>LEGISLACI\u00d3N APLICABLE<\/strong><\/div>\r\n<div class=\"resp-tab-content tabs-group-default resp-tab-content-active\" aria-labelledby=\"tabs-group-default_tab_item-13\">Las presentes condiciones generales de venta se rigen por la legislaci\u00f3n francesa, al igual que las condiciones de ejecuci\u00f3n, rescisi\u00f3n y evaluaci\u00f3n del contrato y la resoluci\u00f3n de litigios.<\/div>\r\n<\/div>\r\n","protected":false},"excerpt":{"rendered":"<p>&nbsp; Condiciones de Compra &nbsp; ART\u00cdCULO 1: DISPOSICIONES GENERALES Estas condiciones se aplican a la venta en l\u00ednea de ofertas<\/p>\n","protected":false},"author":2,"featured_media":0,"parent":0,"menu_order":0,"comment_status":"closed","ping_status":"closed","template":"","meta":{"footnotes":""},"class_list":["post-9522","page","type-page","status-publish","hentry"],"_links":{"self":[{"href":"https:\/\/tienda.casonadeljudio.com\/index.php?rest_route=\/wp\/v2\/pages\/9522","targetHints":{"allow":["GET"]}}],"collection":[{"href":"https:\/\/tienda.casonadeljudio.com\/index.php?rest_route=\/wp\/v2\/pages"}],"about":[{"href":"https:\/\/tienda.casonadeljudio.com\/index.php?rest_route=\/wp\/v2\/types\/page"}],"author":[{"embeddable":true,"href":"https:\/\/tienda.casonadeljudio.com\/index.php?rest_route=\/wp\/v2\/users\/2"}],"replies":[{"embeddable":true,"href":"https:\/\/tienda.casonadeljudio.com\/index.php?rest_route=%2Fwp%2Fv2%2Fcomments&post=9522"}],"version-history":[{"count":5,"href":"https:\/\/tienda.casonadeljudio.com\/index.php?rest_route=\/wp\/v2\/pages\/9522\/revisions"}],"predecessor-version":[{"id":9803,"href":"https:\/\/tienda.casonadeljudio.com\/index.php?rest_route=\/wp\/v2\/pages\/9522\/revisions\/9803"}],"wp:attachment":[{"href":"https:\/\/tienda.casonadeljudio.com\/index.php?rest_route=%2Fwp%2Fv2%2Fmedia&parent=9522"}],"curies":[{"name":"wp","href":"https:\/\/api.w.org\/{rel}","templated":true}]}}